{"id":17,"date":"2024-08-08T12:01:41","date_gmt":"2024-08-08T10:01:41","guid":{"rendered":"https:\/\/o2esolutions.com\/?page_id=17"},"modified":"2024-08-09T10:45:01","modified_gmt":"2024-08-09T08:45:01","slug":"sobre-nosotros","status":"publish","type":"page","link":"\/?page_id=17","title":{"rendered":"Sobre nosotros"},"content":{"rendered":"\n<div class=\"wp-block-columns is-layout-flex wp-container-core-columns-is-layout-28f84493 wp-block-columns-is-layout-flex\">\n<div class=\"wp-block-column is-layout-flow wp-block-column-is-layout-flow\" style=\"flex-basis:66.66%\">\n<p>Fundada en 2008, estamos ubicados en el Parque Cient\u00edfico y Tecnol\u00f3gico de Gij\u00f3n.<\/p>\n\n\n\n<p>Nuestra misi\u00f3n es <strong>desarrollar soluciones innovadoras<\/strong> basadas en la aplicaci\u00f3n de tecnolog\u00edas de gesti\u00f3n de la informaci\u00f3n y comunicaciones que empujen a las empresas y organizaciones a mejorar su <strong>competitividad<\/strong>, la <strong>seguridad<\/strong> de sus trabajadores y su capacidad de <strong>innovar<\/strong> y <strong>generar<\/strong> nuevas formas de <strong>valor<\/strong>.<\/p>\n<\/div>\n\n\n\n<div class=\"wp-block-column is-layout-flow wp-block-column-is-layout-flow\" style=\"flex-basis:33.33%\">\n<figure class=\"wp-block-image size-full\"><img loading=\"lazy\" decoding=\"async\" width=\"663\" height=\"390\" src=\"\/wp-content\/uploads\/2024\/08\/Gijon.jpg\" alt=\"\" class=\"wp-image-74\"\/><\/figure>\n<\/div>\n<\/div>\n","protected":false},"excerpt":{"rendered":"<p>Fundada en 2008, estamos ubicados en el Parque Cient\u00edfico y Tecnol\u00f3gico de Gij\u00f3n. Nuestra misi\u00f3n es desarrollar soluciones innovadoras basadas en la aplicaci\u00f3n de tecnolog\u00edas de gesti\u00f3n de la informaci\u00f3n y comunicaciones que empujen a las empresas y organizaciones a mejorar su competitividad, la seguridad de sus trabajadores y su [&hellip;]<\/p>\n","protected":false},"author":1,"featured_media":0,"parent":0,"menu_order":0,"comment_status":"closed","ping_status":"closed","template":"","meta":{"footnotes":""},"class_list":["post-17","page","type-page","status-publish","hentry"],"_links":{"self":[{"href":"\/index.php?rest_route=\/wp\/v2\/pages\/17","targetHints":{"allow":["GET"]}}],"collection":[{"href":"\/index.php?rest_route=\/wp\/v2\/pages"}],"about":[{"href":"\/index.php?rest_route=\/wp\/v2\/types\/page"}],"author":[{"embeddable":true,"href":"\/index.php?rest_route=\/wp\/v2\/users\/1"}],"replies":[{"embeddable":true,"href":"\/index.php?rest_route=%2Fwp%2Fv2%2Fcomments&post=17"}],"version-history":[{"count":4,"href":"\/index.php?rest_route=\/wp\/v2\/pages\/17\/revisions"}],"predecessor-version":[{"id":76,"href":"\/index.php?rest_route=\/wp\/v2\/pages\/17\/revisions\/76"}],"wp:attachment":[{"href":"\/index.php?rest_route=%2Fwp%2Fv2%2Fmedia&parent=17"}],"curies":[{"name":"wp","href":"https:\/\/api.w.org\/{rel}","templated":true}]}}